{"id":87,"date":"2025-12-18T14:15:13","date_gmt":"2025-12-18T14:15:13","guid":{"rendered":"http:\/\/empose.pro\/index.php\/home\/"},"modified":"2026-02-17T09:51:21","modified_gmt":"2026-02-17T09:51:21","slug":"accueil","status":"publish","type":"page","link":"http:\/\/empose.pro\/","title":{"rendered":"Accueil"},"content":{"rendered":"\t\t<div data-elementor-type=\"wp-page\" data-elementor-id=\"87\" class=\"elementor elementor-87\" data-elementor-post-type=\"page\">\n\t\t\t\t<div class=\"elementor-element elementor-element-649523b7 e-con-full e-flex e-con e-parent\" data-id=\"649523b7\" data-element_type=\"container\" data-e-type=\"container\">\n\t\t<div class=\"elementor-element elementor-element-da11028 e-con-full e-flex e-con e-child\" data-id=\"da11028\" data-element_type=\"container\" data-e-type=\"container\">\n\t\t\t\t<div class=\"elementor-element elementor-element-684fe29 elementor-widget elementor-widget-text-editor\" data-id=\"684fe29\" data-element_type=\"widget\" data-e-type=\"widget\" data-widget_type=\"text-editor.default\">\n\t\t\t\t\t\t\t\t\t<p>Empose, ce peut \u00eatre ces moments qui vous sont d\u00e9di\u00e9s, pour vous mettre en pause d&rsquo;un quotidien qui d\u00e9file&#8230;<\/p><p>Empose, ce peut \u00eatre une pose de Yoga physique, qui reconna\u00eet ce qui est l\u00e0\u2026<\/p><p>Empose, ce peut \u00eatre la posture consciente que vous choisirez d&rsquo;adopter face aux situations de la vie\u2026<\/p>\t\t\t\t\t\t\t\t<\/div>\n\t\t\t\t<\/div>\n\t\t<div class=\"elementor-element elementor-element-71311788 e-con-full e-flex e-con e-child\" data-id=\"71311788\" data-element_type=\"container\" data-e-type=\"container\">\n\t\t\t\t<div class=\"elementor-element elementor-element-4c7712af elementor-widget elementor-widget-heading\" data-id=\"4c7712af\" data-element_type=\"widget\" data-e-type=\"widget\" data-widget_type=\"heading.default\">\n\t\t\t\t\t<h1 class=\"elementor-heading-title elementor-size-default\">Ma vision de l'accompagnement th\u00e9rapeutique est humaniste. Il part de vous, de vos besoins, de vos souhaits... et de ce qui est possible.<\/h1>\t\t\t\t<\/div>\n\t\t\t\t<\/div>\n\t\t<div class=\"elementor-element elementor-element-341ee7fe e-con-full e-flex e-con e-child\" data-id=\"341ee7fe\" data-element_type=\"container\" data-e-type=\"container\">\n\t\t\t\t<div class=\"elementor-element elementor-element-f9deccc elementor-widget elementor-widget-text-editor\" data-id=\"f9deccc\" data-element_type=\"widget\" data-e-type=\"widget\" data-widget_type=\"text-editor.default\">\n\t\t\t\t\t\t\t\t\t<p>Etymologiquement, \u00ab\u00a0em\u00a0\u00bb \u1f10\u03bd 3 (en)\u00a0;\u00a0\u1f14\u03bd\u03b4\u03bf\u03bd\u00a0(\u00e9ndon)\u00a0;\u00a0\u1f10\u03bd\u03c4\u03cc\u03c2\u00a0(ent\u00f3s)<br \/>vient du grec, il signifie dans, dedans, en\u00a0; en dedans, \u00e0 l\u2019int\u00e9rieur de\u2026 Ensemble,<br \/>nous irons voir ce qui vous traverse d&rsquo;instant en instant.<\/p>\t\t\t\t\t\t\t\t<\/div>\n\t\t\t\t<\/div>\n\t\t\t\t<\/div>\n\t\t<div class=\"elementor-element elementor-element-7da9e432 e-con-full e-flex e-con e-parent\" data-id=\"7da9e432\" data-element_type=\"container\" data-e-type=\"container\">\n\t\t<div class=\"elementor-element elementor-element-7d49d984 e-con-full e-flex e-con e-child\" data-id=\"7d49d984\" data-element_type=\"container\" data-e-type=\"container\">\n\t\t\t\t<\/div>\n\t\t<div class=\"elementor-element elementor-element-2022d578 e-con-full e-flex e-con e-child\" data-id=\"2022d578\" data-element_type=\"container\" data-e-type=\"container\">\n\t\t\t\t<\/div>\n\t\t<div class=\"elementor-element elementor-element-18d2f34 e-con-full e-flex e-con e-child\" data-id=\"18d2f34\" data-element_type=\"container\" data-e-type=\"container\">\n\t\t\t\t<\/div>\n\t\t\t\t<\/div>\n\t\t<div class=\"elementor-element elementor-element-1049eee e-con-full e-flex e-con e-parent\" data-id=\"1049eee\" data-element_type=\"container\" data-e-type=\"container\">\n\t\t<div class=\"elementor-element elementor-element-de6ff0e e-con-full e-flex e-con e-child\" data-id=\"de6ff0e\" data-element_type=\"container\" data-e-type=\"container\">\n\t\t\t\t<\/div>\n\t\t<div class=\"elementor-element elementor-element-4893910 e-con-full e-flex e-con e-child\" data-id=\"4893910\" data-element_type=\"container\" data-e-type=\"container\">\n\t\t\t\t<\/div>\n\t\t<div class=\"elementor-element elementor-element-55a9ed8 e-con-full e-flex e-con e-child\" data-id=\"55a9ed8\" data-element_type=\"container\" data-e-type=\"container\">\n\t\t\t\t<\/div>\n\t\t\t\t<\/div>\n\t\t<div class=\"elementor-element elementor-element-363399b7 e-con-full e-flex e-con e-parent\" data-id=\"363399b7\" data-element_type=\"container\" data-e-type=\"container\">\n\t\t<div class=\"elementor-element elementor-element-5dc1c3f0 e-con-full e-flex e-con e-child\" data-id=\"5dc1c3f0\" data-element_type=\"container\" data-e-type=\"container\">\n\t\t\t\t<div class=\"elementor-element elementor-element-498f9f4 elementor-widget elementor-widget-heading\" data-id=\"498f9f4\" data-element_type=\"widget\" data-e-type=\"widget\" data-widget_type=\"heading.default\">\n\t\t\t\t\t<h2 class=\"elementor-heading-title elementor-size-default\">Ce que je souhaite vous apporter : que vous puissiez d\u00e9velopper des outils auxquels vous pourrez revenir en autonomie.<\/h2>\t\t\t\t<\/div>\n\t\t\t\t<\/div>\n\t\t<div class=\"elementor-element elementor-element-6c85d823 e-con-full e-flex e-con e-child\" data-id=\"6c85d823\" data-element_type=\"container\" data-e-type=\"container\">\n\t\t\t\t<div class=\"elementor-element elementor-element-7170ede8 elementor-widget elementor-widget-image\" data-id=\"7170ede8\" data-element_type=\"widget\" data-e-type=\"widget\" data-widget_type=\"image.default\">\n\t\t\t\t\t\t\t\t\t\t\t\t\t\t\t<img fetchpriority=\"high\" decoding=\"async\" width=\"788\" height=\"620\" src=\"http:\/\/empose.pro\/wp-content\/uploads\/2025\/12\/nuage2.jpg\" class=\"attachment-full size-full wp-image-224\" alt=\"\" srcset=\"http:\/\/empose.pro\/wp-content\/uploads\/2025\/12\/nuage2.jpg 788w, http:\/\/empose.pro\/wp-content\/uploads\/2025\/12\/nuage2-300x236.jpg 300w, http:\/\/empose.pro\/wp-content\/uploads\/2025\/12\/nuage2-768x604.jpg 768w\" sizes=\"(max-width: 788px) 100vw, 788px\" \/>\t\t\t\t\t\t\t\t\t\t\t\t\t\t\t<\/div>\n\t\t\t\t<\/div>\n\t\t<div class=\"elementor-element elementor-element-1ee6c154 e-con-full e-flex e-con e-child\" data-id=\"1ee6c154\" data-element_type=\"container\" data-e-type=\"container\">\n\t\t\t\t<div class=\"elementor-element elementor-element-6c0a05ff elementor-widget elementor-widget-text-editor\" data-id=\"6c0a05ff\" data-element_type=\"widget\" data-e-type=\"widget\" data-widget_type=\"text-editor.default\">\n\t\t\t\t\t\t\t\t\t<p>C\u2019est pourquoi, le yoga tout comme la th\u00e9rapie ACT et la pleine conscience font partie de mon approche pour vous apporter un soutien \u00e0 plusieurs niveaux, qu\u2019ils soient corporels, li\u00e9s \u00e0 vos \u00e9motions ou votre mental.<\/p>\t\t\t\t\t\t\t\t<\/div>\n\t\t\t\t<\/div>\n\t\t\t\t<\/div>\n\t\t<div class=\"elementor-element elementor-element-2d13ee72 e-con-full e-flex e-con e-parent\" data-id=\"2d13ee72\" data-element_type=\"container\" data-e-type=\"container\">\n\t\t<div class=\"elementor-element elementor-element-4c0150f1 e-con-full e-flex e-con e-child\" data-id=\"4c0150f1\" data-element_type=\"container\" data-e-type=\"container\">\n\t\t\t\t<\/div>\n\t\t<div class=\"elementor-element elementor-element-3216b1a3 e-con-full e-flex e-con e-child\" data-id=\"3216b1a3\" data-element_type=\"container\" data-e-type=\"container\">\n\t\t\t\t<div class=\"elementor-element elementor-element-1e7ccfb3 elementor-widget elementor-widget-heading\" data-id=\"1e7ccfb3\" data-element_type=\"widget\" data-e-type=\"widget\" data-widget_type=\"heading.default\">\n\t\t\t\t\t<h2 class=\"elementor-heading-title elementor-size-default\">Les techniques th\u00e9rapeutiques comme axe de travail :<\/h2>\t\t\t\t<\/div>\n\t\t\t\t<\/div>\n\t\t<div class=\"elementor-element elementor-element-3a187edc e-con-full e-flex e-con e-child\" data-id=\"3a187edc\" data-element_type=\"container\" data-e-type=\"container\">\n\t\t\t\t<\/div>\n\t\t\t\t<\/div>\n\t\t<div class=\"elementor-element elementor-element-58251820 e-con-full e-flex e-con e-parent\" data-id=\"58251820\" data-element_type=\"container\" data-e-type=\"container\">\n\t\t<div class=\"elementor-element elementor-element-7f99577f e-con-full e-flex e-con e-child\" data-id=\"7f99577f\" data-element_type=\"container\" data-e-type=\"container\">\n\t\t\t\t<div class=\"elementor-element elementor-element-53d2c67 elementor-cta--skin-classic elementor-animated-content elementor-bg-transform elementor-bg-transform-zoom-in elementor-widget elementor-widget-call-to-action\" data-id=\"53d2c67\" data-element_type=\"widget\" data-e-type=\"widget\" data-widget_type=\"call-to-action.default\">\n\t\t\t\t\t\t\t<a class=\"elementor-cta\" href=\"https:\/\/library.elementor.com\/yoga-studio\/restorative-yoga\/\">\n\t\t\t\t\t\t\t<div class=\"elementor-cta__content\">\n\t\t\t\t\n\t\t\t\t\t\t\t\t\t<h2 class=\"elementor-cta__title elementor-cta__content-item elementor-content-item\">\n\t\t\t\t\t\tLe yoga en groupe \t\t\t\t\t<\/h2>\n\t\t\t\t\n\t\t\t\t\t\t\t\t\t<div class=\"elementor-cta__description elementor-cta__content-item elementor-content-item\">\n\t\t\t\t\t\tNous pourrons utiliser des mouvements de Yoga doux pour vous relier en conscience \u00e0 votre corps et \u00e0 ses besoins. Au travers de certaines postures et techniques de respiration (pranayama), nous explorerons ce qui pourrait \u00eatre soutenant pour vous. Gr\u00e2ce \u00e0 la visualisation, aux mudras ou aux mantras, nous irons chercher des \u00e9l\u00e9ments qui pourrons vous accompagner dans votre parcours. \t\t\t\t\t<\/div>\n\t\t\t\t\n\t\t\t\t\t\t\t<\/div>\n\t\t\t\t\t\t<\/a>\n\t\t\t\t\t\t<\/div>\n\t\t\t\t<div class=\"elementor-element elementor-element-9c94a4b elementor-cta--skin-classic elementor-animated-content elementor-bg-transform elementor-bg-transform-zoom-in elementor-widget elementor-widget-call-to-action\" data-id=\"9c94a4b\" data-element_type=\"widget\" data-e-type=\"widget\" data-widget_type=\"call-to-action.default\">\n\t\t\t\t\t\t\t<a class=\"elementor-cta\" href=\"https:\/\/library.elementor.com\/yoga-studio\/restorative-yoga\/\">\n\t\t\t\t\t\t\t<div class=\"elementor-cta__content\">\n\t\t\t\t\n\t\t\t\t\t\t\t\t\t<h2 class=\"elementor-cta__title elementor-cta__content-item elementor-content-item\">\n\t\t\t\t\t\tCercle de femmes souffrant d\u2019endom\u00e9triose, d\u2019ad\u00e9nomyose ou en parcours PMA. \t\t\t\t\t<\/h2>\n\t\t\t\t\n\t\t\t\t\t\t\t\t\t<div class=\"elementor-cta__description elementor-cta__content-item elementor-content-item\">\n\t\t\t\t\t\tLe cercle de femmes est un endroit qui se veut doux et rassurant. Au travers de diff\u00e9rents outils th\u00e9rapeutiques, nous cr\u00e9erons un lieu unique pour s\u2019offrir du temps pour soi afin de se reconnaitre dans cette exp\u00e9rience personnelle et commune au contact de la maladie. Des temps de mouvement conscient, des m\u00e9ditations, des temps de paroles et d\u2019\u00e9coutes bienveillantes, des moments de partages pour vous laisser vous reconnecter \u00e0 ce qui vous habite afin que vous ne vous sentiez plus seule avec la pathologie et ses cons\u00e9quences. \t\t\t\t\t<\/div>\n\t\t\t\t\n\t\t\t\t\t\t\t<\/div>\n\t\t\t\t\t\t<\/a>\n\t\t\t\t\t\t<\/div>\n\t\t\t\t<\/div>\n\t\t<div class=\"elementor-element elementor-element-62743a94 e-con-full e-flex e-con e-child\" data-id=\"62743a94\" data-element_type=\"container\" data-e-type=\"container\">\n\t\t\t\t<div class=\"elementor-element elementor-element-1c83ea7c elementor-cta--skin-classic elementor-animated-content elementor-bg-transform elementor-bg-transform-zoom-in elementor-widget elementor-widget-call-to-action\" data-id=\"1c83ea7c\" data-element_type=\"widget\" data-e-type=\"widget\" data-widget_type=\"call-to-action.default\">\n\t\t\t\t\t\t\t<a class=\"elementor-cta\" href=\"https:\/\/library.elementor.com\/yoga-studio\/restorative-yoga\/\">\n\t\t\t\t\t\t\t<div class=\"elementor-cta__content\">\n\t\t\t\t\n\t\t\t\t\t\t\t\t\t<h2 class=\"elementor-cta__title elementor-cta__content-item elementor-content-item\">\n\t\t\t\t\t\tLa th\u00e9rapie ACT\t\t\t\t\t<\/h2>\n\t\t\t\t\n\t\t\t\t\t\t\t\t\t<div class=\"elementor-cta__description elementor-cta__content-item elementor-content-item\">\n\t\t\t\t\t\tSelon un proverbe bouddhiste r\u00e9\u00e9crit par H. Murakami : \u00ab si la douleur est in\u00e9luctable dans la vie, la souffrance, elle, est optionnelle \u00bb. Tout \u00eatre humain est expos\u00e9 au cours de sa vie \u00e0 des maladies, \u00e0 des accidents, \u00e0 des deuils, \u00e0 des conflits\u2026C\u2019est pourquoi, en fonction de vos besoins d\u2019\u00e9voquer ce qui vit en vous, les \u00e9motions qui vous animent, les pens\u00e9es qui vous agitent, nous travaillerons ensemble avec les diff\u00e9rentes dimensions de la Th\u00e9rapie d\u2019Acceptation et d\u2019Engagement.\t\t\t\t\t<\/div>\n\t\t\t\t\n\t\t\t\t\t\t\t<\/div>\n\t\t\t\t\t\t<\/a>\n\t\t\t\t\t\t<\/div>\n\t\t\t\t<div class=\"elementor-element elementor-element-849b814 elementor-cta--skin-classic elementor-animated-content elementor-bg-transform elementor-bg-transform-zoom-in elementor-widget elementor-widget-call-to-action\" data-id=\"849b814\" data-element_type=\"widget\" data-e-type=\"widget\" data-widget_type=\"call-to-action.default\">\n\t\t\t\t\t\t\t<a class=\"elementor-cta\" href=\"https:\/\/library.elementor.com\/yoga-studio\/restorative-yoga\/\">\n\t\t\t\t\t\t\t<div class=\"elementor-cta__content\">\n\t\t\t\t\n\t\t\t\t\t\t\t\t\t<h2 class=\"elementor-cta__title elementor-cta__content-item elementor-content-item\">\n\t\t\t\t\t\tLa pleine conscience\t\t\t\t\t<\/h2>\n\t\t\t\t\n\t\t\t\t\t\t\t\t\t<div class=\"elementor-cta__description elementor-cta__content-item elementor-content-item\">\n\t\t\t\t\t\tPrendre le temps de revenir \u00e0 soi, \u00e0 ce qui est pr\u00e9sent, au confort et \u00e0 l'inconfort et apprendre \u00e0 laisser passer. \nPour vous donner la chance de r\u00e9pondre au stress au lieu d'y r\u00e9agir.\nLe non-jugement, la patience, l'esprit du d\u00e9butant, la confiance, le non-effort (ne pas tendre vers un but), l'acceptation, le l\u00e2cher-prise sont les attitudes que nous cultiverons pendant notre pratique.\t\t\t\t\t<\/div>\n\t\t\t\t\n\t\t\t\t\t\t\t<\/div>\n\t\t\t\t\t\t<\/a>\n\t\t\t\t\t\t<\/div>\n\t\t\t\t<\/div>\n\t\t<div class=\"elementor-element elementor-element-37fbcb49 e-con-full e-flex e-con e-child\" data-id=\"37fbcb49\" data-element_type=\"container\" data-e-type=\"container\">\n\t\t\t\t<div class=\"elementor-element elementor-element-56d7519c elementor-cta--skin-classic elementor-animated-content elementor-bg-transform elementor-bg-transform-zoom-in elementor-widget elementor-widget-call-to-action\" data-id=\"56d7519c\" data-element_type=\"widget\" data-e-type=\"widget\" data-widget_type=\"call-to-action.default\">\n\t\t\t\t\t\t\t<a class=\"elementor-cta\" href=\"https:\/\/library.elementor.com\/yoga-studio\/yoga-flow\/\">\n\t\t\t\t\t\t\t<div class=\"elementor-cta__content\">\n\t\t\t\t\n\t\t\t\t\t\t\t\t\t<h2 class=\"elementor-cta__title elementor-cta__content-item elementor-content-item\">\n\t\t\t\t\t\tACT on a walk \t\t\t\t\t<\/h2>\n\t\t\t\t\n\t\t\t\t\t\t\t\t\t<div class=\"elementor-cta__description elementor-cta__content-item elementor-content-item\">\n\t\t\t\t\t\tIl s\u2019agit ici, d\u2019utiliser une reconnexion \u00e0 la nature o\u00f9 nous marcherons c\u00f4te \u00e0 c\u00f4te. Cette pratique ne sera dispens\u00e9e qu'apr\u00e8s quelques rencontres en fonction de vos besoins et de votre r\u00e9alit\u00e9 corporelle du moment. Nous en rediscuterons si vous en ressentez le besoin.\t\t\t\t\t<\/div>\n\t\t\t\t\n\t\t\t\t\t\t\t<\/div>\n\t\t\t\t\t\t<\/a>\n\t\t\t\t\t\t<\/div>\n\t\t\t\t<\/div>\n\t\t\t\t<\/div>\n\t\t<div class=\"elementor-element elementor-element-444d2f8c e-con-full e-flex e-con e-parent\" data-id=\"444d2f8c\" data-element_type=\"container\" data-e-type=\"container\">\n\t\t<div class=\"elementor-element elementor-element-13c88d2 e-con-full e-flex e-con e-child\" data-id=\"13c88d2\" data-element_type=\"container\" data-e-type=\"container\">\n\t\t\t\t<\/div>\n\t\t<div class=\"elementor-element elementor-element-3d21daf8 e-con-full e-flex e-con e-child\" data-id=\"3d21daf8\" data-element_type=\"container\" data-e-type=\"container\">\n\t\t\t\t<\/div>\n\t\t<div class=\"elementor-element elementor-element-4e6d5ccc e-con-full e-flex e-con e-child\" data-id=\"4e6d5ccc\" data-element_type=\"container\" data-e-type=\"container\">\n\t\t\t\t<\/div>\n\t\t\t\t<\/div>\n\t\t\t\t<\/div>\n\t\t","protected":false},"excerpt":{"rendered":"<p>Empose, ce peut \u00eatre ces moments qui vous sont d\u00e9di\u00e9s, pour vous mettre en pause d&rsquo;un quotidien qui d\u00e9file&#8230; Empose, ce peut \u00eatre une pose de Yoga physique, qui reconna\u00eet ce qui est l\u00e0\u2026 Empose, ce peut \u00eatre la posture consciente que vous choisirez d&rsquo;adopter face aux situations de la vie\u2026 Ma vision de l&rsquo;accompagnement [&hellip;]<\/p>\n","protected":false},"author":1,"featured_media":101,"parent":0,"menu_order":0,"comment_status":"closed","ping_status":"closed","template":"elementor_header_footer","meta":{"footnotes":""},"class_list":["post-87","page","type-page","status-publish","has-post-thumbnail","hentry"],"_links":{"self":[{"href":"http:\/\/empose.pro\/index.php\/wp-json\/wp\/v2\/pages\/87","targetHints":{"allow":["GET"]}}],"collection":[{"href":"http:\/\/empose.pro\/index.php\/wp-json\/wp\/v2\/pages"}],"about":[{"href":"http:\/\/empose.pro\/index.php\/wp-json\/wp\/v2\/types\/page"}],"author":[{"embeddable":true,"href":"http:\/\/empose.pro\/index.php\/wp-json\/wp\/v2\/users\/1"}],"replies":[{"embeddable":true,"href":"http:\/\/empose.pro\/index.php\/wp-json\/wp\/v2\/comments?post=87"}],"version-history":[{"count":77,"href":"http:\/\/empose.pro\/index.php\/wp-json\/wp\/v2\/pages\/87\/revisions"}],"predecessor-version":[{"id":314,"href":"http:\/\/empose.pro\/index.php\/wp-json\/wp\/v2\/pages\/87\/revisions\/314"}],"wp:featuredmedia":[{"embeddable":true,"href":"http:\/\/empose.pro\/index.php\/wp-json\/wp\/v2\/media\/101"}],"wp:attachment":[{"href":"http:\/\/empose.pro\/index.php\/wp-json\/wp\/v2\/media?parent=87"}],"curies":[{"name":"wp","href":"https:\/\/api.w.org\/{rel}","templated":true}]}}