{"id":64,"date":"2025-12-18T14:15:10","date_gmt":"2025-12-18T14:15:10","guid":{"rendered":"http:\/\/empose.pro\/index.php\/workshops\/"},"modified":"2026-03-26T21:28:08","modified_gmt":"2026-03-26T21:28:08","slug":"ateliers","status":"publish","type":"page","link":"http:\/\/empose.pro\/index.php\/ateliers\/","title":{"rendered":"Ateliers"},"content":{"rendered":"\t\t<div data-elementor-type=\"wp-page\" data-elementor-id=\"64\" class=\"elementor elementor-64\" data-elementor-post-type=\"page\">\n\t\t\t\t<div class=\"elementor-element elementor-element-73a036ea e-con-full e-flex e-con e-parent\" data-id=\"73a036ea\" data-element_type=\"container\" data-e-type=\"container\">\n\t\t<div class=\"elementor-element elementor-element-30ade8ec e-con-full e-flex e-con e-child\" data-id=\"30ade8ec\" data-element_type=\"container\" data-e-type=\"container\">\n\t\t\t\t<div class=\"elementor-element elementor-element-1a375566 elementor-widget elementor-widget-image\" data-id=\"1a375566\" data-element_type=\"widget\" data-e-type=\"widget\" data-widget_type=\"image.default\">\n\t\t\t\t\t\t\t\t\t\t\t\t\t\t\t<img fetchpriority=\"high\" decoding=\"async\" width=\"566\" height=\"566\" src=\"http:\/\/empose.pro\/wp-content\/uploads\/2025\/12\/workshops1.jpg\" class=\"attachment-full size-full wp-image-65\" alt=\"\" srcset=\"http:\/\/empose.pro\/wp-content\/uploads\/2025\/12\/workshops1.jpg 566w, http:\/\/empose.pro\/wp-content\/uploads\/2025\/12\/workshops1-300x300.jpg 300w, http:\/\/empose.pro\/wp-content\/uploads\/2025\/12\/workshops1-150x150.jpg 150w\" sizes=\"(max-width: 566px) 100vw, 566px\" \/>\t\t\t\t\t\t\t\t\t\t\t\t\t\t\t<\/div>\n\t\t\t\t<\/div>\n\t\t<div class=\"elementor-element elementor-element-5d6b75bf e-con-full e-flex e-con e-child\" data-id=\"5d6b75bf\" data-element_type=\"container\" data-e-type=\"container\">\n\t\t\t\t<div class=\"elementor-element elementor-element-37dc892e elementor-widget elementor-widget-heading\" data-id=\"37dc892e\" data-element_type=\"widget\" data-e-type=\"widget\" data-widget_type=\"heading.default\">\n\t\t\t\t\t<h1 class=\"elementor-heading-title elementor-size-default\">Ateliers<\/h1>\t\t\t\t<\/div>\n\t\t\t\t<\/div>\n\t\t<div class=\"elementor-element elementor-element-284a1be6 e-con-full e-flex e-con e-child\" data-id=\"284a1be6\" data-element_type=\"container\" data-e-type=\"container\">\n\t\t\t\t<div class=\"elementor-element elementor-element-1b2c8bdb elementor-widget elementor-widget-image\" data-id=\"1b2c8bdb\" data-element_type=\"widget\" data-e-type=\"widget\" data-widget_type=\"image.default\">\n\t\t\t\t\t\t\t\t\t\t\t\t\t\t\t<img decoding=\"async\" width=\"566\" height=\"566\" src=\"http:\/\/empose.pro\/wp-content\/uploads\/2025\/12\/meditation.jpg\" class=\"attachment-full size-full wp-image-236\" alt=\"\" srcset=\"http:\/\/empose.pro\/wp-content\/uploads\/2025\/12\/meditation.jpg 566w, http:\/\/empose.pro\/wp-content\/uploads\/2025\/12\/meditation-300x300.jpg 300w, http:\/\/empose.pro\/wp-content\/uploads\/2025\/12\/meditation-150x150.jpg 150w\" sizes=\"(max-width: 566px) 100vw, 566px\" \/>\t\t\t\t\t\t\t\t\t\t\t\t\t\t\t<\/div>\n\t\t\t\t<\/div>\n\t\t\t\t<\/div>\n\t\t<div class=\"elementor-element elementor-element-38ae292d e-con-full e-flex e-con e-parent\" data-id=\"38ae292d\" data-element_type=\"container\" data-e-type=\"container\">\n\t\t<div class=\"elementor-element elementor-element-51c279b8 e-con-full e-flex e-con e-child\" data-id=\"51c279b8\" data-element_type=\"container\" data-e-type=\"container\">\n\t\t\t\t<\/div>\n\t\t<div class=\"elementor-element elementor-element-4f720a2c e-con-full e-flex e-con e-child\" data-id=\"4f720a2c\" data-element_type=\"container\" data-e-type=\"container\">\n\t\t\t\t<\/div>\n\t\t<div class=\"elementor-element elementor-element-66cbfcb1 e-con-full e-flex e-con e-child\" data-id=\"66cbfcb1\" data-element_type=\"container\" data-e-type=\"container\">\n\t\t\t\t<\/div>\n\t\t\t\t<\/div>\n\t\t<div class=\"elementor-element elementor-element-71fb55c0 e-con-full e-flex e-con e-parent\" data-id=\"71fb55c0\" data-element_type=\"container\" data-e-type=\"container\" id=\"teachers\">\n\t\t<div class=\"elementor-element elementor-element-5127e136 e-con-full e-flex e-con e-child\" data-id=\"5127e136\" data-element_type=\"container\" data-e-type=\"container\">\n\t\t\t\t<div class=\"elementor-element elementor-element-239a0445 elementor-widget elementor-widget-image\" data-id=\"239a0445\" data-element_type=\"widget\" data-e-type=\"widget\" data-widget_type=\"image.default\">\n\t\t\t\t\t\t\t\t\t\t\t\t\t\t\t<img decoding=\"async\" width=\"566\" height=\"566\" src=\"http:\/\/empose.pro\/wp-content\/uploads\/2025\/12\/meditation2.jpg\" class=\"attachment-full size-full wp-image-237\" alt=\"\" srcset=\"http:\/\/empose.pro\/wp-content\/uploads\/2025\/12\/meditation2.jpg 566w, http:\/\/empose.pro\/wp-content\/uploads\/2025\/12\/meditation2-300x300.jpg 300w, http:\/\/empose.pro\/wp-content\/uploads\/2025\/12\/meditation2-150x150.jpg 150w\" sizes=\"(max-width: 566px) 100vw, 566px\" \/>\t\t\t\t\t\t\t\t\t\t\t\t\t\t\t<\/div>\n\t\t\t\t<\/div>\n\t\t<div class=\"elementor-element elementor-element-54616a72 e-con-full e-flex e-con e-child\" data-id=\"54616a72\" data-element_type=\"container\" data-e-type=\"container\">\n\t\t\t\t<div class=\"elementor-element elementor-element-9c58db8 elementor-widget elementor-widget-heading\" data-id=\"9c58db8\" data-element_type=\"widget\" data-e-type=\"widget\" data-widget_type=\"heading.default\">\n\t\t\t\t\t<h2 class=\"elementor-heading-title elementor-size-default\">A venir ce 24\/04 <br>Cercle de femmes<\/h2>\t\t\t\t<\/div>\n\t\t\t\t<div class=\"elementor-element elementor-element-30bf4ab9 elementor-widget elementor-widget-heading\" data-id=\"30bf4ab9\" data-element_type=\"widget\" data-e-type=\"widget\" data-widget_type=\"heading.default\">\n\t\t\t\t\t<h2 class=\"elementor-heading-title elementor-size-default\">A prendre avec vous<\/h2>\t\t\t\t<\/div>\n\t\t\t\t<div class=\"elementor-element elementor-element-6ce8ae16 elementor-widget elementor-widget-text-editor\" data-id=\"6ce8ae16\" data-element_type=\"widget\" data-e-type=\"widget\" data-widget_type=\"text-editor.default\">\n\t\t\t\t\t\t\t\t\t<ul><li>un tapis<\/li><li>un plaid<\/li><li>un coussin de m\u00e9ditation (si vous en avez)<\/li><\/ul>\t\t\t\t\t\t\t\t<\/div>\n\t\t\t\t<div class=\"elementor-element elementor-element-b552dce elementor-widget__width-initial elementor-widget elementor-widget-text-editor\" data-id=\"b552dce\" data-element_type=\"widget\" data-e-type=\"widget\" data-widget_type=\"text-editor.default\">\n\t\t\t\t\t\t\t\t\t<div class=\"xdj266r x14z9mp xat24cr x1lziwak x1vvkbs x126k92a\" style=\"white-space-collapse: preserve; margin-inline: 0px; overflow-wrap: break-word; margin-bottom: 0px; margin-top: 0px; font-family: 'Segoe UI Historic', 'Segoe UI', Helvetica, Arial, sans-serif; color: #080809; font-size: 15px; background-color: #ffffff;\"><p><img loading=\"lazy\" decoding=\"async\" class=\"alignnone wp-image-322 size-full\" src=\"http:\/\/empose.pro\/wp-content\/uploads\/2026\/03\/Cercle-de-femmes-Endo-Adeno-Douleurs-Pelviennes.jpg\" alt=\"\" width=\"1587\" height=\"2245\" srcset=\"http:\/\/empose.pro\/wp-content\/uploads\/2026\/03\/Cercle-de-femmes-Endo-Adeno-Douleurs-Pelviennes.jpg 1587w, http:\/\/empose.pro\/wp-content\/uploads\/2026\/03\/Cercle-de-femmes-Endo-Adeno-Douleurs-Pelviennes-212x300.jpg 212w, http:\/\/empose.pro\/wp-content\/uploads\/2026\/03\/Cercle-de-femmes-Endo-Adeno-Douleurs-Pelviennes-724x1024.jpg 724w, http:\/\/empose.pro\/wp-content\/uploads\/2026\/03\/Cercle-de-femmes-Endo-Adeno-Douleurs-Pelviennes-768x1086.jpg 768w, http:\/\/empose.pro\/wp-content\/uploads\/2026\/03\/Cercle-de-femmes-Endo-Adeno-Douleurs-Pelviennes-1086x1536.jpg 1086w, http:\/\/empose.pro\/wp-content\/uploads\/2026\/03\/Cercle-de-femmes-Endo-Adeno-Douleurs-Pelviennes-1448x2048.jpg 1448w\" sizes=\"(max-width: 1587px) 100vw, 1587px\" \/><\/p><div dir=\"auto\" style=\"font-family: inherit;\"><span class=\"html-span xexx8yu xyri2b x18d9i69 x1c1uobl x1hl2dhg x16tdsg8 x1vvkbs x3nfvp2 x1j61x8r x1fcty0u xdj266r xat24cr xm2jcoa x1mpyi22 xxymvpz xlup9mm x1kky2od\" style=\"text-align: inherit; padding-inline: 0px; margin-inline: 1px; overflow-wrap: break-word; display: inline-flex; vertical-align: middle; padding-bottom: 0px; width: 16px; margin-bottom: 0px; margin-top: 0px; padding-top: 0px; height: 16px; font-family: inherit;\"><img loading=\"lazy\" decoding=\"async\" class=\"xz74otr x15mokao x1ga7v0g x16uus16 xbiv7yw\" style=\"border-width: 0px; border-style: initial; border-start-start-radius: 0px; border-end-end-radius: 0px; border-start-end-radius: 0px; border-end-start-radius: 0px; object-fit: fill;\" src=\"https:\/\/static.xx.fbcdn.net\/images\/emoji.php\/v9\/tf4\/1\/16\/2728.png\" alt=\"\u2728\" width=\"16\" height=\"16\" \/><\/span> Tu souffres d&rsquo;endom\u00e9triose, d&rsquo;ad\u00e9nomyose ou de douleurs pelviennes ?<\/div><\/div><div class=\"x14z9mp xat24cr x1lziwak x1vvkbs xtlvy1s x126k92a\" style=\"white-space-collapse: preserve; margin-inline: 0px; overflow-wrap: break-word; margin-bottom: 0px; margin-top: 0.5em; font-family: 'Segoe UI Historic', 'Segoe UI', Helvetica, Arial, sans-serif; color: #080809; font-size: 15px; background-color: #ffffff;\"><div dir=\"auto\" style=\"font-family: inherit;\">Je te propose un espace pour t&rsquo;apaiser, respirer et te reconnecter.<\/div><\/div><div class=\"x14z9mp xat24cr x1lziwak x1vvkbs xtlvy1s x126k92a\" style=\"white-space-collapse: preserve; margin-inline: 0px; overflow-wrap: break-word; margin-bottom: 0px; margin-top: 0.5em; font-family: 'Segoe UI Historic', 'Segoe UI', Helvetica, Arial, sans-serif; color: #080809; font-size: 15px; background-color: #ffffff;\"><div dir=\"auto\" style=\"font-family: inherit;\">Vivre avec l\u2019endom\u00e9triose, l&rsquo;ad\u00e9nomyose, les douleurs pelviennes, c\u2019est composer chaque jour avec la douleur, la fatigue, l\u2019inflammation et parfois un sentiment d\u2019isolement. Cet atelier a \u00e9t\u00e9 pens\u00e9 pour offrir un moment de douceur, de soutien et de mieux\u2011\u00eatre aux femmes concern\u00e9es.<\/div><\/div><div class=\"x14z9mp xat24cr x1lziwak x1vvkbs xtlvy1s x126k92a\" style=\"white-space-collapse: preserve; margin-inline: 0px; overflow-wrap: break-word; margin-bottom: 0px; margin-top: 0.5em; font-family: 'Segoe UI Historic', 'Segoe UI', Helvetica, Arial, sans-serif; color: #080809; font-size: 15px; background-color: #ffffff;\"><div dir=\"auto\" style=\"font-family: inherit;\">Pour qui ?<\/div><div dir=\"auto\" style=\"font-family: inherit;\">Pour toutes les patientes souffrant d\u2019endom\u00e9triose, d&rsquo;ad\u00e9nomyose, ou de douleurs pelviennes, quel que soit le stade, l\u2019\u00e2ge.<\/div><div dir=\"auto\">\u00a0<\/div><div dir=\"auto\" style=\"font-family: inherit;\">Aucun pr\u00e9requis n\u00e9cessaire.<\/div><\/div>\t\t\t\t\t\t\t\t<\/div>\n\t\t\t\t<div class=\"elementor-element elementor-element-5d11e78c elementor-align-left elementor-widget elementor-widget-button\" data-id=\"5d11e78c\" data-element_type=\"widget\" data-e-type=\"widget\" data-widget_type=\"button.default\">\n\t\t\t\t\t\t\t\t\t\t<a class=\"elementor-button elementor-button-link elementor-size-sm\" href=\"mailto:melisa@empose.pro\" target=\"_blank\">\n\t\t\t\t\t\t<span class=\"elementor-button-content-wrapper\">\n\t\t\t\t\t\t\t\t\t<span class=\"elementor-button-text\">R\u00e9servez<\/span>\n\t\t\t\t\t<\/span>\n\t\t\t\t\t<\/a>\n\t\t\t\t\t\t\t\t<\/div>\n\t\t\t\t<\/div>\n\t\t<div class=\"elementor-element elementor-element-23419a7 e-con-full e-flex e-con e-child\" data-id=\"23419a7\" data-element_type=\"container\" data-e-type=\"container\">\n\t\t<div class=\"elementor-element elementor-element-72e1bab0 e-con-full e-flex e-con e-child\" data-id=\"72e1bab0\" data-element_type=\"container\" data-e-type=\"container\">\n\t\t\t\t<div class=\"elementor-element elementor-element-354269a1 elementor-widget elementor-widget-heading\" data-id=\"354269a1\" data-element_type=\"widget\" data-e-type=\"widget\" data-widget_type=\"heading.default\">\n\t\t\t\t\t<h2 class=\"elementor-heading-title elementor-size-default\">Date &amp; Time <\/h2>\t\t\t\t<\/div>\n\t\t\t\t<div class=\"elementor-element elementor-element-1a925d1e elementor-widget elementor-widget-text-editor\" data-id=\"1a925d1e\" data-element_type=\"widget\" data-e-type=\"widget\" data-widget_type=\"text-editor.default\">\n\t\t\t\t\t\t\t\t\t<p>24\/04 de 10h \u00e0 12H<\/p>\t\t\t\t\t\t\t\t<\/div>\n\t\t\t\t<\/div>\n\t\t<div class=\"elementor-element elementor-element-5f6516c4 e-con-full e-flex e-con e-child\" data-id=\"5f6516c4\" data-element_type=\"container\" data-e-type=\"container\">\n\t\t\t\t<div class=\"elementor-element elementor-element-3f0c1804 elementor-widget elementor-widget-heading\" data-id=\"3f0c1804\" data-element_type=\"widget\" data-e-type=\"widget\" data-widget_type=\"heading.default\">\n\t\t\t\t\t<h2 class=\"elementor-heading-title elementor-size-default\">Lieu<\/h2>\t\t\t\t<\/div>\n\t\t\t\t<div class=\"elementor-element elementor-element-6913a0f3 elementor-widget elementor-widget-text-editor\" data-id=\"6913a0f3\" data-element_type=\"widget\" data-e-type=\"widget\" data-widget_type=\"text-editor.default\">\n\t\t\t\t\t\t\t\t\t<p>Rue Gel\u00e9e, 1C<br \/>4650 Chaineux<br \/>Belgique<\/p>\t\t\t\t\t\t\t\t<\/div>\n\t\t\t\t<\/div>\n\t\t<div class=\"elementor-element elementor-element-2d04ca28 e-con-full e-flex e-con e-child\" data-id=\"2d04ca28\" data-element_type=\"container\" data-e-type=\"container\">\n\t\t\t\t<div class=\"elementor-element elementor-element-2cf49d29 elementor-widget elementor-widget-heading\" data-id=\"2cf49d29\" data-element_type=\"widget\" data-e-type=\"widget\" data-widget_type=\"heading.default\">\n\t\t\t\t\t<h2 class=\"elementor-heading-title elementor-size-default\">Tarif<\/h2>\t\t\t\t<\/div>\n\t\t\t\t<div class=\"elementor-element elementor-element-5fc71bdf elementor-widget elementor-widget-text-editor\" data-id=\"5fc71bdf\" data-element_type=\"widget\" data-e-type=\"widget\" data-widget_type=\"text-editor.default\">\n\t\t\t\t\t\t\t\t\t<p>En conscience<\/p><p>\u00a0<\/p><p>Contact : melisa@empose.pro ou 0495\/720228.<\/p>\t\t\t\t\t\t\t\t<\/div>\n\t\t\t\t<\/div>\n\t\t\t\t<\/div>\n\t\t\t\t<\/div>\n\t\t\t\t<\/div>\n\t\t","protected":false},"excerpt":{"rendered":"<p>Ateliers A venir ce 24\/04 Cercle de femmes A prendre avec vous un tapis un plaid un coussin de m\u00e9ditation (si vous en avez) Tu souffres d&rsquo;endom\u00e9triose, d&rsquo;ad\u00e9nomyose ou de douleurs pelviennes ?Je te propose un espace pour t&rsquo;apaiser, respirer et te reconnecter.Vivre avec l\u2019endom\u00e9triose, l&rsquo;ad\u00e9nomyose, les douleurs pelviennes, c\u2019est composer chaque jour avec la [&hellip;]<\/p>\n","protected":false},"author":1,"featured_media":74,"parent":0,"menu_order":0,"comment_status":"closed","ping_status":"closed","template":"elementor_header_footer","meta":{"footnotes":""},"class_list":["post-64","page","type-page","status-publish","has-post-thumbnail","hentry"],"_links":{"self":[{"href":"http:\/\/empose.pro\/index.php\/wp-json\/wp\/v2\/pages\/64","targetHints":{"allow":["GET"]}}],"collection":[{"href":"http:\/\/empose.pro\/index.php\/wp-json\/wp\/v2\/pages"}],"about":[{"href":"http:\/\/empose.pro\/index.php\/wp-json\/wp\/v2\/types\/page"}],"author":[{"embeddable":true,"href":"http:\/\/empose.pro\/index.php\/wp-json\/wp\/v2\/users\/1"}],"replies":[{"embeddable":true,"href":"http:\/\/empose.pro\/index.php\/wp-json\/wp\/v2\/comments?post=64"}],"version-history":[{"count":20,"href":"http:\/\/empose.pro\/index.php\/wp-json\/wp\/v2\/pages\/64\/revisions"}],"predecessor-version":[{"id":326,"href":"http:\/\/empose.pro\/index.php\/wp-json\/wp\/v2\/pages\/64\/revisions\/326"}],"wp:featuredmedia":[{"embeddable":true,"href":"http:\/\/empose.pro\/index.php\/wp-json\/wp\/v2\/media\/74"}],"wp:attachment":[{"href":"http:\/\/empose.pro\/index.php\/wp-json\/wp\/v2\/media?parent=64"}],"curies":[{"name":"wp","href":"https:\/\/api.w.org\/{rel}","templated":true}]}}